{"id":88,"date":"2016-02-16T14:40:18","date_gmt":"2016-02-16T14:40:18","guid":{"rendered":"http:\/\/demo.athemes.com\/astrid\/?page_id=88"},"modified":"2021-02-02T20:42:46","modified_gmt":"2021-02-02T19:42:46","slug":"progiciel","status":"publish","type":"page","link":"https:\/\/consequant.fr\/index.php\/progiciel\/","title":{"rendered":"Progiciel"},"content":{"rendered":"\n<p class=\"has-drop-cap\"><strong>Un savoir-faire m\u00e9tier d\u00e9di\u00e9 \u00e0 la finance<\/strong><br>La strat\u00e9gie de <strong>ConseQuant <\/strong>est radicalement orient\u00e9e vers le d\u00e9veloppement d\u2019applications financi\u00e8res \u00e0 forte valeur ajout\u00e9e. C\u2019est pourquoi ConseQuant d\u00e9veloppe aujourd\u2019hui plusieurs progiciels qui r\u00e9pondent \u00e0 des besoins m\u00e9tiers mal couverts par les \u00e9diteurs classiques du march\u00e9 et font souvent l\u2019objet de d\u00e9veloppements internes lourds et co\u00fbteux.<\/p>\n\n\n\n<p>ConseQuant s\u2019attache \u00e0 produire des applications au service de ses clients par l\u2019observation sur le terrain des processus m\u00e9tiers et la prise en compte des contraintes utilisateurs. Notre savoir-faire fonctionnel et notre valeur ajout\u00e9e dans la conception de solutions logicielles m\u00e9tiers nous permet de concevoir des produits performants et simples d\u2019utilisation. Une grande attention est port\u00e9e \u00e0 l\u2019ergonomie des applications produites ainsi qu\u2019\u00e0 leur esth\u00e9tique g\u00e9n\u00e9rale.<\/p>\n\n\n\n<p><strong>Des progiciels robustes et \u00e9volutifs<\/strong><br>La conception de ces applications s\u2019appuient sur un socle technique qui int\u00e8gre les derni\u00e8res bonnes pratiques de d\u00e9veloppements et d\u2019architecture logicielle. Ce socle \u00e9prouv\u00e9 fait partie int\u00e9grante du savoir-faire du&nbsp;p\u00f4le architecture. ConseQuant base ses d\u00e9veloppements sur une approche agile pour une meilleure \u00e9volutivit\u00e9 des applications.<\/p>\n\n\n\n<p><strong>Un b\u00e9n\u00e9fice imm\u00e9diat sur le terrain<\/strong><br>C\u2019est en participant \u00e0 l&#8217;\u00e9laboration de ces progiciels complexes et exigeants que nos collaborateurs s\u2019impr\u00e8gnent de nos m\u00e9thodes de travail. Ils peuvent ainsi en faire b\u00e9n\u00e9ficier nos clients lors des missions d\u2019expertises qui leurs sont confi\u00e9es.<br>Le p\u00f4le Progiciel incarne l\u2019innovation logicielle de ConseQuant. Il concentre l\u2019ensemble des applications d\u00e9velopp\u00e9es en interne destin\u00e9es \u00e0 r\u00e9pondre \u00e0 des besoins m\u00e9tiers pr\u00e9cis.<\/p>\n","protected":false},"excerpt":{"rendered":"<p> [&hellip;]<\/p>\n","protected":false},"author":1,"featured_media":511,"parent":0,"menu_order":0,"comment_status":"closed","ping_status":"closed","template":"page-templates\/single-service.php","meta":{"footnotes":""},"_links":{"self":[{"href":"https:\/\/consequant.fr\/index.php\/wp-json\/wp\/v2\/pages\/88"}],"collection":[{"href":"https:\/\/consequant.fr\/index.php\/wp-json\/wp\/v2\/pages"}],"about":[{"href":"https:\/\/consequant.fr\/index.php\/wp-json\/wp\/v2\/types\/page"}],"author":[{"embeddable":true,"href":"https:\/\/consequant.fr\/index.php\/wp-json\/wp\/v2\/users\/1"}],"replies":[{"embeddable":true,"href":"https:\/\/consequant.fr\/index.php\/wp-json\/wp\/v2\/comments?post=88"}],"version-history":[{"count":11,"href":"https:\/\/consequant.fr\/index.php\/wp-json\/wp\/v2\/pages\/88\/revisions"}],"predecessor-version":[{"id":606,"href":"https:\/\/consequant.fr\/index.php\/wp-json\/wp\/v2\/pages\/88\/revisions\/606"}],"wp:featuredmedia":[{"embeddable":true,"href":"https:\/\/consequant.fr\/index.php\/wp-json\/wp\/v2\/media\/511"}],"wp:attachment":[{"href":"https:\/\/consequant.fr\/index.php\/wp-json\/wp\/v2\/media?parent=88"}],"curies":[{"name":"wp","href":"https:\/\/api.w.org\/{rel}","templated":true}]}}