{"id":230,"date":"2016-02-16T16:05:03","date_gmt":"2016-02-16T15:05:03","guid":{"rendered":"http:\/\/demo.athemes.com\/astrid\/?page_id=230"},"modified":"2021-02-02T20:39:40","modified_gmt":"2021-02-02T19:39:40","slug":"timetracking-2","status":"publish","type":"page","link":"https:\/\/consequant.fr\/index.php\/timetracking-2\/","title":{"rendered":"Time Tracking"},"content":{"rendered":"\n<p><strong>Outil de gestion de budget et de temps de travail<\/strong><\/p>\n\n\n\n<p class=\"has-drop-cap\">L&#8217;application <strong>Time Tracking<\/strong> permet aux \u00e9quipes de gouvernance d&#8217;avoir une une vision temps r\u00e9el de la consommation de ses enveloppes budg\u00e9taires. D\u00e9velopp\u00e9e en mode <strong>SAAS <\/strong>(<strong>Microsoft Azure<\/strong>) elle peut \u00eatre mise \u00e0 disposition rapidement et sans mobilisation des \u00e9quipes d&#8217;infrastructure du client.<br>Le p\u00e9rim\u00e8tre de fonctionnalit\u00e9s couvert par Time Tracking est vaste et l&#8217;applicatif permet entre autres :<\/p>\n\n\n\n<ul><li>De saisir la charge consomm\u00e9e par le collaborateur chaque semaine<\/li><li>De consulter, d\u2019ajouter et d\u2019\u00e9diter les enveloppes budg\u00e9taires<\/li><li>De consulter, d\u2019ajouter ou de modifier les t\u00e2ches ou les forfaits associ\u00e9es aux enveloppes<\/li><li>De lister la charge consomm\u00e9e par les utilisateurs sur une p\u00e9riode donn\u00e9e<\/li><li>De fournir aux d\u00e9cisionnaires des rapports statistiques complets et des indicateurs pertinants permettant le pilotage optimal de leurs budgets<\/li><\/ul>\n","protected":false},"excerpt":{"rendered":"<p> [&hellip;]<\/p>\n","protected":false},"author":1,"featured_media":508,"parent":0,"menu_order":0,"comment_status":"closed","ping_status":"closed","template":"page-templates\/single-project.php","meta":{"footnotes":""},"_links":{"self":[{"href":"https:\/\/consequant.fr\/index.php\/wp-json\/wp\/v2\/pages\/230"}],"collection":[{"href":"https:\/\/consequant.fr\/index.php\/wp-json\/wp\/v2\/pages"}],"about":[{"href":"https:\/\/consequant.fr\/index.php\/wp-json\/wp\/v2\/types\/page"}],"author":[{"embeddable":true,"href":"https:\/\/consequant.fr\/index.php\/wp-json\/wp\/v2\/users\/1"}],"replies":[{"embeddable":true,"href":"https:\/\/consequant.fr\/index.php\/wp-json\/wp\/v2\/comments?post=230"}],"version-history":[{"count":3,"href":"https:\/\/consequant.fr\/index.php\/wp-json\/wp\/v2\/pages\/230\/revisions"}],"predecessor-version":[{"id":602,"href":"https:\/\/consequant.fr\/index.php\/wp-json\/wp\/v2\/pages\/230\/revisions\/602"}],"wp:featuredmedia":[{"embeddable":true,"href":"https:\/\/consequant.fr\/index.php\/wp-json\/wp\/v2\/media\/508"}],"wp:attachment":[{"href":"https:\/\/consequant.fr\/index.php\/wp-json\/wp\/v2\/media?parent=230"}],"curies":[{"name":"wp","href":"https:\/\/api.w.org\/{rel}","templated":true}]}}