{"id":226,"date":"2016-02-16T16:03:19","date_gmt":"2016-02-16T15:03:19","guid":{"rendered":"http:\/\/demo.athemes.com\/astrid\/?page_id=226"},"modified":"2021-02-02T20:41:13","modified_gmt":"2021-02-02T19:41:13","slug":"architecture-2","status":"publish","type":"page","link":"https:\/\/consequant.fr\/index.php\/architecture-2\/","title":{"rendered":"Architecture"},"content":{"rendered":"\n<p class=\"has-drop-cap\">V\u00e9ritable ciment technologique, ce p\u00f4le s\u2019appuie sur les derni\u00e8res innovations techniques garantissant aux clients de <strong>ConseQuant <\/strong>une qualit\u00e9 de service optimale.<\/p>\n\n\n\n<p>Des experts \u00e0 votre service, architectes de la r\u00e9ussite de vos projets<br>Fort de son expertise autour des technologies Microsoft, le p\u00f4le architecture et solutions accompagne ses clients dans la mise en place de solutions Microsoft. Ce p\u00f4le participe \u00e9galement au d\u00e9veloppement d\u2019applications m\u00e9tiers complexes ainsi qu\u2018\u00e0 la d\u00e9finition de processus d\u2019industrialisation couvrant l\u2019ensemble du cycle de vie logiciel.<\/p>\n\n\n\n<p>Nos domaines d\u2019interventions sont :<\/p>\n\n\n\n<ul><li> Le conseil en architecture<\/li><li> La conduite de projets<\/li><li> Le d\u00e9veloppement logiciel (r\u00e9gie ou forfait)<\/li><li> La mise en place de centres de services .NET<\/li><\/ul>\n\n\n\n<p>En collaboration avec les \u00e9quipes d\u2019architectes de nos clients, nous participons \u00e0 la d\u00e9finition des standards et normes de d\u00e9veloppements utilis\u00e9s en interne. Dans le cadre d\u2019applications r\u00e9alis\u00e9es en mode forfait, notre mod\u00e8le d\u2019organisation nous permet d\u2019adapter rapidement nos d\u00e9veloppements aux sp\u00e9cificit\u00e9s techniques de nos clients.<\/p>\n\n\n\n<p><strong>L\u2019industrialisation des d\u00e9veloppements au c\u0153ur de notre strat\u00e9gie<\/strong><\/p>\n\n\n\n<p>Nos exp\u00e9riences r\u00e9ussies dans la mise en place d\u2019architectures logicielles et la d\u00e9finition de standards de d\u00e9veloppement nous permettent de proposer \u00e0 nos clients une offre globale d\u2019industrialisation des d\u00e9veloppements. <\/p>\n\n\n\n<p>Notre expertise s\u2019appuie sur :<\/p>\n\n\n\n<ul><li> Les m\u00e9thodes de d\u00e9veloppements agiles (<strong>SCRUM<\/strong>).<\/li><li> La gestion du cycle de vie logiciel via Microsoft <strong>T<\/strong>eam <strong>F<\/strong>oundation <strong>S<\/strong>erver TFS 2015\/2017\/2018 et Microsoft Visual Studio 2019.<\/li><li><strong>D<\/strong>omain <strong>D<\/strong>riven <strong>D<\/strong>evelopment dont le principal objectif est de d\u00e9finir une vision et un langage partag\u00e9s par toutes les personnes impliqu\u00e9es dans la construction d\u2019une application, afin de mieux en appr\u00e9hender la complexit\u00e9 des concepts m\u00e9tiers.<\/li><\/ul>\n\n\n\n<p><\/p>\n","protected":false},"excerpt":{"rendered":"<p> [&hellip;]<\/p>\n","protected":false},"author":1,"featured_media":484,"parent":0,"menu_order":-1,"comment_status":"closed","ping_status":"closed","template":"page-templates\/single-service.php","meta":{"footnotes":""},"_links":{"self":[{"href":"https:\/\/consequant.fr\/index.php\/wp-json\/wp\/v2\/pages\/226"}],"collection":[{"href":"https:\/\/consequant.fr\/index.php\/wp-json\/wp\/v2\/pages"}],"about":[{"href":"https:\/\/consequant.fr\/index.php\/wp-json\/wp\/v2\/types\/page"}],"author":[{"embeddable":true,"href":"https:\/\/consequant.fr\/index.php\/wp-json\/wp\/v2\/users\/1"}],"replies":[{"embeddable":true,"href":"https:\/\/consequant.fr\/index.php\/wp-json\/wp\/v2\/comments?post=226"}],"version-history":[{"count":5,"href":"https:\/\/consequant.fr\/index.php\/wp-json\/wp\/v2\/pages\/226\/revisions"}],"predecessor-version":[{"id":604,"href":"https:\/\/consequant.fr\/index.php\/wp-json\/wp\/v2\/pages\/226\/revisions\/604"}],"wp:featuredmedia":[{"embeddable":true,"href":"https:\/\/consequant.fr\/index.php\/wp-json\/wp\/v2\/media\/484"}],"wp:attachment":[{"href":"https:\/\/consequant.fr\/index.php\/wp-json\/wp\/v2\/media?parent=226"}],"curies":[{"name":"wp","href":"https:\/\/api.w.org\/{rel}","templated":true}]}}