{"id":100,"date":"2016-02-16T14:42:52","date_gmt":"2016-02-16T14:42:52","guid":{"rendered":"http:\/\/demo.athemes.com\/astrid\/?page_id=100"},"modified":"2021-02-02T20:12:07","modified_gmt":"2021-02-02T19:12:07","slug":"project-crm","status":"publish","type":"page","link":"https:\/\/consequant.fr\/index.php\/project-crm\/","title":{"rendered":"CRM"},"content":{"rendered":"\n<p class=\"has-drop-cap\">Dans le cadre de besoins r\u00e9currents <strong>ConseQuant <\/strong>met \u00e0 disposition de ses clients dont le secteur d&#8217;activit\u00e9 est l&#8217;investissement priv\u00e9 une solution <strong>CRM <\/strong>(<strong>C<\/strong>ustomer <strong>R<\/strong>elationship <strong>M<\/strong>anagement). Ce service est bas\u00e9 sur la solution <strong>Microsoft Dynamics 365<\/strong> et permet \u00e0 ses b\u00e9n\u00e9ficiaires les suivis de leurs activit\u00e9s de prospection (Deal Flow) ainsi que de leurs participations.<\/p>\n\n\n\n<p><strong>CRM d\u00e9di\u00e9e aux soci\u00e9t\u00e9s du Private Equity<\/strong><\/p>\n\n\n\n<p>Le service CRM permet \u00e0 des acteurs du Private Equity de g\u00e9rer tous les contacts (personnes physiques ou morales) et les relations associ\u00e9es. <\/p>\n\n\n\n<p>Le logiciel offre un suivi pr\u00e9cis des informations relatives aux soci\u00e9t\u00e9s : description, dirigeants, table d&#8217;actionnariat, documents (gr\u00e2ce \u00e0 l&#8217;association native avec <strong>Sharepoint<\/strong>).<\/p>\n\n\n\n<p><strong>Suivi du Deal Flow<\/strong><\/p>\n\n\n\n<p>Les phases de pr\u00e9-investissement (due-diligence, comit\u00e9s\u2026) , investissement ou cession sont g\u00e9r\u00e9es et permettent une vision synth\u00e9tique des processus de Deal Flow.<\/p>\n","protected":false},"excerpt":{"rendered":"<p> [&hellip;]<\/p>\n","protected":false},"author":1,"featured_media":517,"parent":0,"menu_order":0,"comment_status":"closed","ping_status":"closed","template":"page-templates\/single-project.php","meta":{"footnotes":""},"_links":{"self":[{"href":"https:\/\/consequant.fr\/index.php\/wp-json\/wp\/v2\/pages\/100"}],"collection":[{"href":"https:\/\/consequant.fr\/index.php\/wp-json\/wp\/v2\/pages"}],"about":[{"href":"https:\/\/consequant.fr\/index.php\/wp-json\/wp\/v2\/types\/page"}],"author":[{"embeddable":true,"href":"https:\/\/consequant.fr\/index.php\/wp-json\/wp\/v2\/users\/1"}],"replies":[{"embeddable":true,"href":"https:\/\/consequant.fr\/index.php\/wp-json\/wp\/v2\/comments?post=100"}],"version-history":[{"count":3,"href":"https:\/\/consequant.fr\/index.php\/wp-json\/wp\/v2\/pages\/100\/revisions"}],"predecessor-version":[{"id":599,"href":"https:\/\/consequant.fr\/index.php\/wp-json\/wp\/v2\/pages\/100\/revisions\/599"}],"wp:featuredmedia":[{"embeddable":true,"href":"https:\/\/consequant.fr\/index.php\/wp-json\/wp\/v2\/media\/517"}],"wp:attachment":[{"href":"https:\/\/consequant.fr\/index.php\/wp-json\/wp\/v2\/media?parent=100"}],"curies":[{"name":"wp","href":"https:\/\/api.w.org\/{rel}","templated":true}]}}